{"id":1071,"date":"2015-12-14T07:14:55","date_gmt":"2015-12-14T07:14:55","guid":{"rendered":"http:\/\/consulting.stylemixthemes.com\/?page_id=2"},"modified":"2021-07-01T13:13:25","modified_gmt":"2021-07-01T16:13:25","slug":"sample-page-2","status":"publish","type":"page","link":"https:\/\/archesecuritizadora.com.br\/","title":{"rendered":"Home"},"content":{"rendered":"<p>[vc_row][vc_column][rev_slider_vc alias=&#8221;main_slider&#8221;][\/vc_column][\/vc_row][vc_row full_width=&#8221;stretch_row&#8221; css=&#8221;.vc_custom_1623280973458{background-color: #f5f5f5 !important;}&#8221; el_id=&#8221;servicos&#8221;][vc_column][stm_spacing lg_spacing=&#8221;80&#8243; md_spacing=&#8221;80&#8243; sm_spacing=&#8221;60&#8243; xs_spacing=&#8221;50&#8243;][stm_spacing lg_spacing=&#8221;80&#8243; md_spacing=&#8221;80&#8243; sm_spacing=&#8221;60&#8243; xs_spacing=&#8221;50&#8243;][\/vc_column][\/vc_row][vc_row full_width=&#8221;stretch_row&#8221; css=&#8221;.vc_custom_1544676128066{background-color: #f5f5f5 !important;}&#8221;][vc_column][vc_custom_heading text=&#8221;Nossos Servi\u00e7os&#8221; font_container=&#8221;tag:h2|text_align:center&#8221; use_theme_fonts=&#8221;yes&#8221; el_class=&#8221;letter-spacing-11&#8243;][vc_row_inner][vc_column_inner width=&#8221;1\/2&#8243;][stm_info_box style=&#8221;style_7&#8243; title=&#8221;Empresas&#8221; link=&#8221;rel:nofollow&#8221;]<\/p>\n<p style=\"font-size: 16px; line-height: 26px;\">Oferecemos uma op\u00e7\u00e3o de cr\u00e9dito r\u00e1pida, com taxas competitivas para o desenvolvimento e gest\u00e3o do seu neg\u00f3cio.<\/p>\n<p>[\/stm_info_box][stm_spacing lg_spacing=&#8221;20px&#8221; md_spacing=&#8221;20px&#8221; sm_spacing=&#8221;30px&#8221; xs_spacing=&#8221;30px&#8221;][\/vc_column_inner][vc_column_inner width=&#8221;1\/2&#8243;][stm_info_box style=&#8221;style_7&#8243; title=&#8221;Investidor&#8221; link=&#8221;rel:nofollow&#8221;]<\/p>\n<p style=\"font-size: 16px; line-height: 26px;\">As deb\u00eantures s\u00e3o uma \u00f3tima escolha para quem procura seguran\u00e7a e maior rentabilidade.<\/p>\n<p>[\/stm_info_box][stm_spacing lg_spacing=&#8221;20px&#8221; md_spacing=&#8221;20px&#8221; sm_spacing=&#8221;30px&#8221; xs_spacing=&#8221;30px&#8221;][\/vc_column_inner][\/vc_row_inner][\/vc_column][\/vc_row][vc_row full_width=&#8221;stretch_row&#8221; css=&#8221;.vc_custom_1623281029496{background-color: #f5f5f5 !important;}&#8221; el_id=&#8221;quemsomos&#8221;][vc_column][stm_spacing lg_spacing=&#8221;80&#8243; md_spacing=&#8221;80&#8243; sm_spacing=&#8221;60&#8243; xs_spacing=&#8221;50&#8243;][\/vc_column][\/vc_row][vc_row][vc_column][stm_spacing lg_spacing=&#8221;60&#8243; md_spacing=&#8221;60&#8243; sm_spacing=&#8221;60&#8243; xs_spacing=&#8221;50&#8243;][vc_custom_heading text=&#8221;Quem Somos&#8221; use_theme_fonts=&#8221;yes&#8221; el_class=&#8221;letter-spacing-11&#8243;][stm_spacing lg_spacing=&#8221;20&#8243; md_spacing=&#8221;20&#8243; sm_spacing=&#8221;20&#8243; xs_spacing=&#8221;10&#8243;][\/vc_column][\/vc_row][vc_row][vc_column width=&#8221;2\/3&#8243; offset=&#8221;vc_col-lg-6 vc_col-md-6&#8243;][stm_animation_block animation=&#8221;fadeIn&#8221; animation_duration=&#8221;0.5&#8243; animation_delay=&#8221;0&#8243;][vc_column_text]<\/p>\n<h4 class=\"no_stripe\" style=\"padding: 0;\">A Arche Securitizadora S.A. atua no mercado de antecipa\u00e7\u00e3o de receb\u00edveis. Al\u00e9m das opera\u00e7\u00f5es tradicionais de receb\u00edveis da ind\u00fastria, com\u00e9rcio e servi\u00e7os, a empresa tamb\u00e9m atua na compra de precat\u00f3rios, cr\u00e9ditos trabalhistas e cr\u00e9ditos n\u00e3o performados.<\/h4>\n<p style=\"font-size: 16px; line-height: 22px;\">O processo de securitiza\u00e7\u00e3o consiste na convers\u00e3o de receb\u00edveis em lastro para emiss\u00e3o de deb\u00eantures. Este processo permite que os detentores de receb\u00edveis transformem seus direitos credit\u00f3rios em recursos financeiros no curt\u00edssimo prazo, melhorando seu fluxo de caixa e, por sua vez, tamb\u00e9m que investidores rentabilizem seus recursos financeiros a taxas atraentes e baixo risco.<\/p>\n<p>[\/vc_column_text][vc_row_inner content_placement=&#8221;middle&#8221;][vc_column_inner width=&#8221;1\/4&#8243;][vc_single_image image=&#8221;6991&#8243; img_size=&#8221;80&#215;86&#8243;][\/vc_column_inner][vc_column_inner width=&#8221;3\/4&#8243;][\/vc_column_inner][\/vc_row_inner][\/stm_animation_block][stm_spacing lg_spacing=&#8221;90&#8243; md_spacing=&#8221;90&#8243; sm_spacing=&#8221;30&#8243; xs_spacing=&#8221;50&#8243;][vc_separator color=&#8221;custom&#8221; accent_color=&#8221;#d9d9d9&#8243;][\/vc_column][vc_column width=&#8221;1\/3&#8243; offset=&#8221;vc_col-lg-6 vc_col-md-6&#8243;][stm_animation_block animation=&#8221;fadeInRight&#8221; animation_duration=&#8221;0.5&#8243; animation_delay=&#8221;0.2&#8243;][vc_single_image image=&#8221;6937&#8243; img_size=&#8221;full&#8221; alignment=&#8221;center&#8221; css=&#8221;.vc_custom_1623279052140{padding-top: 5px !important;}&#8221;][\/stm_animation_block][\/vc_column][\/vc_row][vc_row disable_element=&#8221;yes&#8221;][vc_column width=&#8221;1\/3&#8243;][stm_animation_block animation=&#8221;fadeInUp&#8221; animation_duration=&#8221;0.5&#8243; animation_delay=&#8221;0&#8243;][stm_stats_counter counter_value=&#8221;150&#8243; counter_value_suf=&#8221;+&#8221; title=&#8221;clientes atendidos&#8221;][stm_spacing lg_spacing=&#8221;90&#8243; md_spacing=&#8221;90&#8243; sm_spacing=&#8221;30&#8243; xs_spacing=&#8221;50&#8243;][\/stm_animation_block][\/vc_column][vc_column width=&#8221;1\/3&#8243;][stm_animation_block animation=&#8221;fadeInUp&#8221; animation_duration=&#8221;0.5&#8243; animation_delay=&#8221;0.2&#8243;][stm_stats_counter counter_value=&#8221;700&#8243; counter_value_suf=&#8221;+&#8221; title=&#8221;transa\u00e7\u00f5es realizadas&#8221;][stm_spacing lg_spacing=&#8221;0&#8243; md_spacing=&#8221;0&#8243; sm_spacing=&#8221;30&#8243; xs_spacing=&#8221;30&#8243;][\/stm_animation_block][\/vc_column][vc_column width=&#8221;1\/3&#8243;][stm_animation_block animation=&#8221;fadeInUp&#8221; animation_duration=&#8221;0.5&#8243; animation_delay=&#8221;0.4&#8243;][stm_stats_counter counter_value=&#8221;23&#8243; counter_value_pre=&#8221;R$&#8221; counter_value_suf=&#8221;milh\u00f5es&#8221; title=&#8221;receb\u00edveis antecipados&#8221;][stm_spacing lg_spacing=&#8221;0&#8243; md_spacing=&#8221;0&#8243; sm_spacing=&#8221;30&#8243; xs_spacing=&#8221;30&#8243;][\/stm_animation_block][\/vc_column][\/vc_row][vc_row el_id=&#8221;diferencial&#8221;][vc_column][stm_animation_block animation=&#8221;fadeInUp&#8221; animation_duration=&#8221;0.5&#8243; animation_delay=&#8221;0&#8243;][stm_spacing lg_spacing=&#8221;65&#8243; md_spacing=&#8221;65&#8243; sm_spacing=&#8221;50&#8243; xs_spacing=&#8221;40&#8243;][\/stm_animation_block][\/vc_column][\/vc_row][vc_row full_width=&#8221;stretch_row&#8221; css=&#8221;.vc_custom_1544693295367{background-color: #00263b !important;}&#8221;][vc_column][stm_spacing lg_spacing=&#8221;50&#8243; md_spacing=&#8221;50&#8243; sm_spacing=&#8221;60&#8243; xs_spacing=&#8221;60&#8243;][vc_row_inner content_placement=&#8221;middle&#8221;][vc_column_inner width=&#8221;7\/12&#8243; offset=&#8221;vc_col-lg-8 vc_col-md-8&#8243;][vc_column_text css=&#8221;.vc_custom_1624316022000{margin-bottom: 0px !important;}&#8221; el_class=&#8221;text-center_in_mobile&#8221;]<\/p>\n<h3 class=\"no_stripe\" style=\"padding: 0; color: #ffffff; letter-spacing: 2px;\">Entre em contato e veja<span class=\"special_text\" style=\"color: #71ccd6; letter-spacing: 2px;\">como podemos te ajudar.<\/span><\/h3>\n<p>[\/vc_column_text][stm_spacing lg_spacing=&#8221;0&#8243; md_spacing=&#8221;0&#8243; sm_spacing=&#8221;0&#8243; xs_spacing=&#8221;30&#8243;][\/vc_column_inner][vc_column_inner width=&#8221;5\/12&#8243; offset=&#8221;vc_col-lg-4 vc_col-md-4&#8243;][vc_btn title=&#8221;FALE CONOSCO&#8221; style=&#8221;outline&#8221; shape=&#8221;square&#8221; color=&#8221;theme_style_4&#8243; align=&#8221;right&#8221; i_align=&#8221;right&#8221; i_icon_fontawesome=&#8221;stm-stm14_right_arrow&#8221; add_icon=&#8221;true&#8221; link=&#8221;url:%23contato&#8221;][\/vc_column_inner][\/vc_row_inner][stm_spacing lg_spacing=&#8221;50&#8243; md_spacing=&#8221;50&#8243; sm_spacing=&#8221;60&#8243; xs_spacing=&#8221;70&#8243;][\/vc_column][\/vc_row][vc_row full_width=&#8221;stretch_row&#8221; css=&#8221;.vc_custom_1623281101154{background-color: #f5f5f5 !important;}&#8221;][vc_column][stm_spacing lg_spacing=&#8221;80&#8243; md_spacing=&#8221;80&#8243; sm_spacing=&#8221;60&#8243; xs_spacing=&#8221;50&#8243;][vc_custom_heading text=&#8221;Vantagens de operar<br \/>\ncom a Arche Securitizadora&#8221; font_container=&#8221;tag:h2|text_align:center&#8221; use_theme_fonts=&#8221;yes&#8221;][stm_spacing lg_spacing=&#8221;30&#8243; md_spacing=&#8221;30&#8243; sm_spacing=&#8221;30&#8243; xs_spacing=&#8221;30&#8243;][stm_spacing lg_spacing=&#8221;60&#8243; md_spacing=&#8221;60&#8243; sm_spacing=&#8221;40&#8243; xs_spacing=&#8221;30&#8243;][\/vc_column][\/vc_row][vc_row full_width=&#8221;stretch_row&#8221; css=&#8221;.vc_custom_1544690976827{background-color: #f5f5f5 !important;}&#8221;][vc_column width=&#8221;1\/3&#8243;][stm_animation_block animation=&#8221;fadeInUp&#8221; animation_duration=&#8221;0.5&#8243; animation_delay=&#8221;0&#8243;][stm_icon_box hide_title_line=&#8221;hide_title_line&#8221; icon=&#8221;fas fa-percentage&#8221; style=&#8221;icon_left&#8221; icon_size=&#8221;48&#8243; icon_color=&#8221;third&#8221; icon_bg_color=&#8221;custom&#8221; icon_width=&#8221;68&#8243; title=&#8221;Taxas&#8221; title_font_size=&#8221;20&#8243; title_line_height=&#8221;22&#8243;]<\/p>\n<p style=\"font-size: 16px; line-height: 26px;\">Taxas competitivas, sem custos escondidos<\/p>\n<p>[\/stm_icon_box][stm_spacing lg_spacing=&#8221;17&#8243; md_spacing=&#8221;17&#8243; sm_spacing=&#8221;30&#8243; xs_spacing=&#8221;30&#8243;][\/stm_animation_block][\/vc_column][vc_column width=&#8221;1\/3&#8243;][stm_animation_block animation=&#8221;fadeInUp&#8221; animation_duration=&#8221;0.5&#8243; animation_delay=&#8221;0.2&#8243;][stm_icon_box hide_title_line=&#8221;hide_title_line&#8221; icon=&#8221;stm-online-dollar&#8221; style=&#8221;icon_left&#8221; icon_size=&#8221;48&#8243; icon_color=&#8221;third&#8221; icon_bg_color=&#8221;custom&#8221; icon_width=&#8221;68&#8243; title=&#8221;IOF e Ad-Valorem&#8221; title_font_size=&#8221;20&#8243; title_line_height=&#8221;22&#8243;]<\/p>\n<p style=\"font-size: 16px; line-height: 26px;\">N\u00e3o h\u00e1 incid\u00eancia na antecipa\u00e7\u00e3o de receb\u00edveis na opera\u00e7\u00e3o de securitiza\u00e7\u00e3o<\/p>\n<p>[\/stm_icon_box][stm_spacing lg_spacing=&#8221;17&#8243; md_spacing=&#8221;17&#8243; sm_spacing=&#8221;30&#8243; xs_spacing=&#8221;30&#8243;][\/stm_animation_block][\/vc_column][vc_column width=&#8221;1\/3&#8243;][stm_animation_block animation=&#8221;fadeInUp&#8221; animation_duration=&#8221;0.5&#8243; animation_delay=&#8221;0.4&#8243;][stm_icon_box hide_title_line=&#8221;hide_title_line&#8221; icon=&#8221;fas fa-chart-line&#8221; style=&#8221;icon_left&#8221; icon_size=&#8221;50&#8243; icon_color=&#8221;custom&#8221; icon_bg_color=&#8221;custom&#8221; icon_width=&#8221;68&#8243; title=&#8221;Fluxo de Caixa&#8221; icon_color_custom=&#8221;#71ccd6&#8243; title_font_size=&#8221;20&#8243; title_line_height=&#8221;22&#8243;]<\/p>\n<p style=\"font-size: 16px; line-height: 26px;\">Permite uma melhor negocia\u00e7\u00e3o de sua empresa com fornecedores.<\/p>\n<p>[\/stm_icon_box][stm_spacing lg_spacing=&#8221;17&#8243; md_spacing=&#8221;17&#8243; sm_spacing=&#8221;30&#8243; xs_spacing=&#8221;30&#8243;][\/stm_animation_block][\/vc_column][\/vc_row][vc_row full_width=&#8221;stretch_row&#8221; css=&#8221;.vc_custom_1624316751598{background-color: #f5f5f5 !important;}&#8221;][vc_column][stm_spacing lg_spacing=&#8221;80&#8243; md_spacing=&#8221;40&#8243; sm_spacing=&#8221;20&#8243; xs_spacing=&#8221;10&#8243;][\/vc_column][\/vc_row][vc_row full_width=&#8221;stretch_row&#8221; css=&#8221;.vc_custom_1544690976827{background-color: #f5f5f5 !important;}&#8221;][vc_column width=&#8221;1\/3&#8243;][stm_animation_block animation=&#8221;fadeInUp&#8221; animation_duration=&#8221;0.5&#8243; animation_delay=&#8221;0&#8243;][stm_icon_box hide_title_line=&#8221;hide_title_line&#8221; icon=&#8221;fas fa-chart-area&#8221; style=&#8221;icon_left&#8221; icon_size=&#8221;48&#8243; icon_color=&#8221;third&#8221; icon_bg_color=&#8221;custom&#8221; icon_width=&#8221;68&#8243; title=&#8221;Sa\u00fade financeira&#8221; title_font_size=&#8221;20&#8243; title_line_height=&#8221;22&#8243;]<\/p>\n<p style=\"font-size: 16px; line-height: 26px;\">N\u00e3o h\u00e1 impacto no balan\u00e7o da empresa.<\/p>\n<p>[\/stm_icon_box][stm_spacing lg_spacing=&#8221;17&#8243; md_spacing=&#8221;17&#8243; sm_spacing=&#8221;30&#8243; xs_spacing=&#8221;30&#8243;][\/stm_animation_block][\/vc_column][vc_column width=&#8221;1\/3&#8243;][stm_animation_block animation=&#8221;fadeInUp&#8221; animation_duration=&#8221;0.5&#8243; animation_delay=&#8221;0.2&#8243;][stm_icon_box hide_title_line=&#8221;hide_title_line&#8221; icon=&#8221;fas fa-lock&#8221; style=&#8221;icon_left&#8221; icon_size=&#8221;48&#8243; icon_color=&#8221;third&#8221; icon_bg_color=&#8221;custom&#8221; icon_width=&#8221;68&#8243; title=&#8221;Segura e Transparente&#8221; title_font_size=&#8221;20&#8243; title_line_height=&#8221;22&#8243;]<\/p>\n<p style=\"font-size: 16px; line-height: 26px;\">An\u00e1lise de cr\u00e9dito r\u00e1pida, segura e transparente. Tudo feito de forma digital.<\/p>\n<p>[\/stm_icon_box][stm_spacing lg_spacing=&#8221;17&#8243; md_spacing=&#8221;17&#8243; sm_spacing=&#8221;30&#8243; xs_spacing=&#8221;30&#8243;][\/stm_animation_block][\/vc_column][vc_column width=&#8221;1\/3&#8243;][stm_animation_block animation=&#8221;fadeInUp&#8221; animation_duration=&#8221;0.5&#8243; animation_delay=&#8221;0.4&#8243;][stm_icon_box hide_title_line=&#8221;hide_title_line&#8221; icon=&#8221;fas fa-rocket&#8221; style=&#8221;icon_left&#8221; icon_size=&#8221;46&#8243; icon_color=&#8221;third&#8221; icon_bg_color=&#8221;custom&#8221; icon_width=&#8221;68&#8243; title=&#8221;Impulsiona o neg\u00f3cio&#8221; title_font_size=&#8221;20&#8243; title_line_height=&#8221;22&#8243;]<\/p>\n<p style=\"font-size: 16px; line-height: 26px;\">Disponibilidade de caixa para diferentes projetos e compromissos.<\/p>\n<p>[\/stm_icon_box][stm_spacing lg_spacing=&#8221;17&#8243; md_spacing=&#8221;17&#8243; sm_spacing=&#8221;30&#8243; xs_spacing=&#8221;30&#8243;][\/stm_animation_block][\/vc_column][\/vc_row][vc_row full_width=&#8221;stretch_row&#8221; css=&#8221;.vc_custom_1623281184965{background-color: #f5f5f5 !important;}&#8221; el_id=&#8221;contato&#8221;][vc_column][stm_spacing lg_spacing=&#8221;80&#8243; md_spacing=&#8221;80&#8243; sm_spacing=&#8221;60&#8243; xs_spacing=&#8221;50&#8243;][\/vc_column][\/vc_row][vc_row disable_element=&#8221;yes&#8221;][vc_column][stm_spacing lg_spacing=&#8221;50&#8243; md_spacing=&#8221;50&#8243; sm_spacing=&#8221;30&#8243; xs_spacing=&#8221;20&#8243;][stm_image_carousel grayscale=&#8221;yes&#8221; img_size=&#8221;180&#215;96&#8243; images=&#8221;4732,4732,4732,4732,4732,4732&#8243; custom_links=&#8221;\/company-overview\/our-partners\/,\/company-overview\/our-partners\/,\/company-overview\/our-partners\/,\/company-overview\/our-partners\/,\/company-overview\/our-partners\/,\/company-overview\/our-partners\/&#8221;][stm_spacing lg_spacing=&#8221;50&#8243; md_spacing=&#8221;50&#8243; sm_spacing=&#8221;30&#8243; xs_spacing=&#8221;20&#8243;][\/vc_column][\/vc_row][vc_row full_width=&#8221;stretch_row&#8221; css=&#8221;.vc_custom_1623305529979{margin-bottom: -60px !important;background-image: url(https:\/\/archesecuritizadora.com.br\/wp-content\/uploads\/2021\/06\/arche_securitizadora_contato.png?id=6967) !important;background-position: center !important;background-repeat: no-repeat !important;background-size: cover !important;}&#8221; el_class=&#8221;overlay fixed_bg&#8221;][vc_column][stm_spacing lg_spacing=&#8221;50&#8243; md_spacing=&#8221;50&#8243; sm_spacing=&#8221;50&#8243; xs_spacing=&#8221;50&#8243;][vc_custom_heading text=&#8221;ENTRE EM CONTATO&#8221; font_container=&#8221;tag:h2|font_size:44px|text_align:center|color:%23ffffff|line_height:54px&#8221; use_theme_fonts=&#8221;yes&#8221;][stm_spacing lg_spacing=&#8221;10&#8243; md_spacing=&#8221;10&#8243; sm_spacing=&#8221;20&#8243; xs_spacing=&#8221;20&#8243;][vc_row_inner][vc_column_inner width=&#8221;1\/2&#8243;][vc_column_text]<span class=\"special_text\" style=\"color: #ffff;\">Conhe\u00e7a mais sobre o nosso neg\u00f3cio ou tire suas d\u00favidas.<br \/>\n<strong>Ser\u00e1 um prazer atend\u00ea-los<\/strong>.<\/span>[\/vc_column_text][stm_spacing lg_spacing=&#8221;20&#8243; md_spacing=&#8221;20&#8243; sm_spacing=&#8221;10&#8243; xs_spacing=&#8221;10&#8243;][stm_icon_box hide_title_line=&#8221;hide_title_line&#8221; v_align_middle=&#8221;enable&#8221; icon=&#8221;fas fa-mobile-alt&#8221; style=&#8221;icon_left_transparent&#8221; icon_size=&#8221;20&#8243; icon_color=&#8221;custom&#8221; icon_width=&#8221;40&#8243; icon_color_custom=&#8221;#ffffff&#8221;]<a href=\"https:\/\/api.whatsapp.com\/send?phone=5521972516667\" target=\"_blank\" rel=\"noopener\">+55 21 97251-6667<\/a>[\/stm_icon_box][stm_icon_box hide_title_line=&#8221;hide_title_line&#8221; v_align_middle=&#8221;enable&#8221; icon=&#8221;far fa-envelope&#8221; style=&#8221;icon_left_transparent&#8221; icon_size=&#8221;20&#8243; icon_color=&#8221;custom&#8221; icon_width=&#8221;40&#8243; icon_color_custom=&#8221;#ffffff&#8221;]<a href=\"mailto:contato@archesecuritizadora.com.br\">contato@archesecuritizadora.com.br<\/a>[\/stm_icon_box][\/vc_column_inner][vc_column_inner width=&#8221;1\/2&#8243;]<div role=\"form\" class=\"wpcf7\" id=\"wpcf7-f1474-o1\" lang=\"en-US\" dir=\"ltr\">\n<div class=\"screen-reader-response\"><p role=\"status\" aria-live=\"polite\" aria-atomic=\"true\"><\/p> <ul><\/ul><\/div>\n<form action=\"\/index.php?rest_route=%2Fwp%2Fv2%2Fpages%2F1071#wpcf7-f1474-o1\" method=\"post\" class=\"wpcf7-form init\" novalidate=\"novalidate\" data-status=\"init\">\n<div style=\"display: none;\">\n<input type=\"hidden\" name=\"_wpcf7\" value=\"1474\" \/>\n<input type=\"hidden\" name=\"_wpcf7_version\" value=\"5.4.1\" \/>\n<input type=\"hidden\" name=\"_wpcf7_locale\" value=\"en_US\" \/>\n<input type=\"hidden\" name=\"_wpcf7_unit_tag\" value=\"wpcf7-f1474-o1\" \/>\n<input type=\"hidden\" name=\"_wpcf7_container_post\" value=\"0\" \/>\n<input type=\"hidden\" name=\"_wpcf7_posted_data_hash\" value=\"\" \/>\n<\/div>\n<div class=\"request_callback\">\n<div class=\"row\">\n<div class=\"col-lg-6 col-md-6 col-sm-6 col-xs-12\">\n<div class=\"input-group\">\n                <span class=\"wpcf7-form-control-wrap text-name\"><input type=\"text\" name=\"text-name\" value=\"\" size=\"40\" class=\"wpcf7-form-control wpcf7-text wpcf7-validates-as-required\" aria-required=\"true\" aria-invalid=\"false\" placeholder=\"Nome e Sobrenome *\" \/><\/span>\n            <\/div>\n<div class=\"input-group\">\n                <span class=\"wpcf7-form-control-wrap company\"><input type=\"text\" name=\"company\" value=\"\" size=\"40\" class=\"wpcf7-form-control wpcf7-text\" aria-invalid=\"false\" placeholder=\"Empresa\" \/><\/span>\n            <\/div>\n<div class=\"input-group\">\n                <span class=\"wpcf7-form-control-wrap email\"><input type=\"email\" name=\"email\" value=\"\" size=\"40\" class=\"wpcf7-form-control wpcf7-text wpcf7-email wpcf7-validates-as-required wpcf7-validates-as-email\" aria-required=\"true\" aria-invalid=\"false\" placeholder=\"E-mail *\" \/><\/span>\n            <\/div>\n<\/div>\n<div class=\"col-lg-6 col-md-6 col-sm-6 col-xs-12\">\n                <span class=\"wpcf7-form-control-wrap menu-774\"><select name=\"menu-774\" class=\"wpcf7-form-control wpcf7-select wpcf7-validates-as-required\" aria-required=\"true\" aria-invalid=\"false\"><option value=\"\">Servi\u00e7os *<\/option><option value=\"Empresa\">Empresa<\/option><option value=\"Investidor\">Investidor<\/option><option value=\"Outros\">Outros<\/option><\/select><\/span><\/p>\n<div class=\"input-group\">\n                <span class=\"wpcf7-form-control-wrap subject\"><input type=\"text\" name=\"subject\" value=\"\" size=\"40\" class=\"wpcf7-form-control wpcf7-text wpcf7-validates-as-required\" aria-required=\"true\" aria-invalid=\"false\" placeholder=\"Assunto *\" \/><\/span>\n            <\/div>\n<div class=\"input-group\">\n                <span class=\"wpcf7-form-control-wrap message\"><textarea name=\"message\" cols=\"40\" rows=\"10\" class=\"wpcf7-form-control wpcf7-textarea wpcf7-validates-as-required\" aria-required=\"true\" aria-invalid=\"false\" placeholder=\"Mensagem *\"><\/textarea><\/span>\n            <\/div>\n<div class=\"input-group\">\n                <button type=\"submit\" class=\"button size-lg icon_right\">Enviar<i class=\"fa fa-chevron-right\"><\/i><\/button>\n            <\/div>\n<\/div>\n<\/div>\n<\/div>\n<div class=\"wpcf7-response-output\" aria-hidden=\"true\"><\/div><\/form><\/div>[\/vc_column_inner][\/vc_row_inner][stm_spacing lg_spacing=&#8221;40&#8243; md_spacing=&#8221;40&#8243; sm_spacing=&#8221;20&#8243; xs_spacing=&#8221;15&#8243;][\/vc_column][\/vc_row]<\/p>\n","protected":false},"excerpt":{"rendered":"<p>[vc_row][vc_column][rev_slider_vc alias=&#8221;main_slider&#8221;][\/vc_column][\/vc_row][vc_row full_width=&#8221;stretch_row&#8221; css=&#8221;.vc_custom_1623280973458{background-color: #f5f5f5 !important;}&#8221; el_id=&#8221;servicos&#8221;][vc_column][stm_spacing lg_spacing=&#8221;80&#8243; md_spacing=&#8221;80&#8243; sm_spacing=&#8221;60&#8243; xs_spacing=&#8221;50&#8243;][stm_spacing lg_spacing=&#8221;80&#8243; md_spacing=&#8221;80&#8243; sm_spacing=&#8221;60&#8243; xs_spacing=&#8221;50&#8243;][\/vc_column][\/vc_row][vc_row full_width=&#8221;stretch_row&#8221; css=&#8221;.vc_custom_1544676128066{background-color: #f5f5f5 !important;}&#8221;][vc_column][vc_custom_heading text=&#8221;Nossos Servi\u00e7os&#8221; font_container=&#8221;tag:h2|text_align:center&#8221; use_theme_fonts=&#8221;yes&#8221; el_class=&#8221;letter-spacing-11&#8243;][vc_row_inner][vc_column_inner width=&#8221;1\/2&#8243;][stm_info_box style=&#8221;style_7&#8243; title=&#8221;Empresas&#8221; link=&#8221;rel:nofollow&#8221;] Oferecemos uma op\u00e7\u00e3o de cr\u00e9dito r\u00e1pida, com taxas competitivas para o desenvolvimento e gest\u00e3o do seu neg\u00f3cio. [\/stm_info_box][stm_spacing lg_spacing=&#8221;20px&#8221; md_spacing=&#8221;20px&#8221; sm_spacing=&#8221;30px&#8221; xs_spacing=&#8221;30px&#8221;][\/vc_column_inner][vc_column_inner width=&#8221;1\/2&#8243;][stm_info_box style=&#8221;style_7&#8243; title=&#8221;Investidor&#8221; link=&#8221;rel:nofollow&#8221;] As<\/p>\n","protected":false},"author":1,"featured_media":0,"parent":0,"menu_order":0,"comment_status":"closed","ping_status":"closed","template":"","meta":{"om_disable_all_campaigns":false,"_monsterinsights_skip_tracking":false,"_monsterinsights_sitenote_active":false,"_monsterinsights_sitenote_note":"","_monsterinsights_sitenote_category":0,"spay_email":"","footnotes":""},"class_list":["post-1071","page","type-page","status-publish","hentry"],"_links":{"self":[{"href":"https:\/\/archesecuritizadora.com.br\/index.php?rest_route=\/wp\/v2\/pages\/1071","targetHints":{"allow":["GET"]}}],"collection":[{"href":"https:\/\/archesecuritizadora.com.br\/index.php?rest_route=\/wp\/v2\/pages"}],"about":[{"href":"https:\/\/archesecuritizadora.com.br\/index.php?rest_route=\/wp\/v2\/types\/page"}],"author":[{"embeddable":true,"href":"https:\/\/archesecuritizadora.com.br\/index.php?rest_route=\/wp\/v2\/users\/1"}],"replies":[{"embeddable":true,"href":"https:\/\/archesecuritizadora.com.br\/index.php?rest_route=%2Fwp%2Fv2%2Fcomments&post=1071"}],"version-history":[{"count":105,"href":"https:\/\/archesecuritizadora.com.br\/index.php?rest_route=\/wp\/v2\/pages\/1071\/revisions"}],"predecessor-version":[{"id":7033,"href":"https:\/\/archesecuritizadora.com.br\/index.php?rest_route=\/wp\/v2\/pages\/1071\/revisions\/7033"}],"wp:attachment":[{"href":"https:\/\/archesecuritizadora.com.br\/index.php?rest_route=%2Fwp%2Fv2%2Fmedia&parent=1071"}],"curies":[{"name":"wp","href":"https:\/\/api.w.org\/{rel}","templated":true}]}}